{"id":932,"date":"2025-12-02T08:14:53","date_gmt":"2025-12-02T08:14:53","guid":{"rendered":"https:\/\/tierarztpraxis-miltenberg.de\/?page_id=932"},"modified":"2025-12-02T08:26:04","modified_gmt":"2025-12-02T08:26:04","slug":"notfall-notfalldienst","status":"publish","type":"page","link":"https:\/\/tierarztpraxis-miltenberg.de\/?page_id=932","title":{"rendered":"\u00bb Notfall \/ Notfalldienst"},"content":{"rendered":"\n<h2>Was ist ein Notfall?<\/h2>\n<p>Tiere nach einem Unfall, mit lebensbedrohlichen Erkrankungen oder mit starken Schmerzen.<\/p>\n\n<h2>Wie hoch sind die Kosten im Notdienst?<\/h2>\n<p>Die Kosten f\u00fcr eine Notfallbehandlung werden durch die <strong>GOT<\/strong> (Geb\u00fchrenordnung f\u00fcr Tier\u00e4rzte) geregelt. Es muss pauschal eine Notdienstgeb\u00fchr von <strong>50 \u20ac netto (59,90 \u20ac brutto)<\/strong> abgerechnet werden. Zus\u00e4tzlich m\u00fcssen die Behandlungskosten mit mindestens dem 2-fachen GOT-Satz und maximal dem 4-fachen Satz abgerechnet werden.<\/p>\n<p>Die Abrechnung erfolgt immer <strong>bar oder mit EC-Karte<\/strong>.<\/p>\n\n<h2>Wichtige Hinweise<\/h2>\n<p>Bitte haben Sie Verst\u00e4ndnis, wenn es zu l\u00e4ngeren Wartezeiten w\u00e4hrend des Notdienstes kommt. Das Patientenaufkommen kann sehr hoch sein. Die diensthabenden Tier\u00e4rzte werden die notwendige Versorgung nach Dringlichkeit vornehmen. Eventuell kommt es zu einer Triage.<\/p>\n<p><strong>Bitte melden Sie sich dringend vor Inanspruchnahme der Rufbereitschaft telefonisch in der Praxis.<\/strong> Wir sind ausschlie\u00dflich nach vorheriger Vereinbarung in der Praxis anwesend.<\/p>\n<p>Wenn wir Rufbereitschaft haben und nicht ans Telefon gehen, da wir in einem Notfall keine Hand frei haben oder gerade durch ein Funkloch fahren, rufen Sie erneut bei uns an.<\/p>\n\n<h2>Unter der Woche \u2013 freiwillige Rufbereitschaft<\/h2>\n<p>Von Montag bis Donnerstag, von 18 Uhr bis 22 Uhr erfahren Sie die Telefonnummer der Rufbereitschaft auf unserem Anrufbeantworter. Unsere Praxis beteiligt sich an dem Notdienst.<\/p>\n\n<h2>Am Wochenende und an Feiertagen<\/h2>\n<p>Die diensthabende Tierarztpraxis erfahren Sie unter der Notfall-Telefonnummer <strong>01805 009682<\/strong> (kostenpflichtig) oder unter <a href=\"https:\/\/tbvunterfranken.de\/notfalldienste\" target=\"_blank\">tbvunterfranken.de\/notfalldienste<\/a>.<\/p>\n<p>In unserem Notdienst sind wir unter <strong>0171 5142836<\/strong> f\u00fcr Sie erreichbar.<\/p>\n\n<h2>Adressen dienstbereiter Kleintierkliniken<\/h2>\n\n<h3>Tierklinik Kalbach<\/h3>\n<p>Max-Holder-Str. 37, 60437 Frankfurt<br>\nTel.: <a href=\"tel:069300651550\">069-300651550<\/a><\/p>\n\n<h3>Klinik f\u00fcr Kleintiere, Justus-Liebig-Universit\u00e4t<\/h3>\n<p>Frankfurter Str. 114, 35392 Gie\u00dfen<br>\nTel.: <a href=\"tel:06419938666\">0641-9938666<\/a><br>\nNotfall Chirurgie: <a href=\"tel:01752973717\">0175-2973717<\/a><br>\nNotfall Innere Medizin: <a href=\"tel:015155027008\">0151-55027008<\/a><\/p>\n\n<h3>Tierklinik Hofheim<\/h3>\n<p>Katharina-Kemmler-Str. 7, 65719 Hofheim\/Taunus<br>\nTel.: <a href=\"tel:0619229029\">06192-29029<\/a><\/p>\n\n\n\n\n\n","protected":false},"excerpt":{"rendered":"<p>Was ist ein Notfall? Tiere nach einem Unfall, mit lebensbedrohlichen Erkrankungen oder mit starken Schmerzen. Wie hoch sind die Kosten im Notdienst? Die Kosten f\u00fcr eine Notfallbehandlung werden durch die GOT (Geb\u00fchrenordnung f\u00fcr Tier\u00e4rzte) geregelt. Es muss pauschal eine Notdienstgeb\u00fchr&hellip; <\/p>\n","protected":false},"author":2,"featured_media":0,"parent":0,"menu_order":0,"comment_status":"closed","ping_status":"closed","template":"","meta":{"footnotes":""},"class_list":["post-932","page","type-page","status-publish","hentry"],"_links":{"self":[{"href":"https:\/\/tierarztpraxis-miltenberg.de\/index.php?rest_route=\/wp\/v2\/pages\/932","targetHints":{"allow":["GET"]}}],"collection":[{"href":"https:\/\/tierarztpraxis-miltenberg.de\/index.php?rest_route=\/wp\/v2\/pages"}],"about":[{"href":"https:\/\/tierarztpraxis-miltenberg.de\/index.php?rest_route=\/wp\/v2\/types\/page"}],"author":[{"embeddable":true,"href":"https:\/\/tierarztpraxis-miltenberg.de\/index.php?rest_route=\/wp\/v2\/users\/2"}],"replies":[{"embeddable":true,"href":"https:\/\/tierarztpraxis-miltenberg.de\/index.php?rest_route=%2Fwp%2Fv2%2Fcomments&post=932"}],"version-history":[{"count":7,"href":"https:\/\/tierarztpraxis-miltenberg.de\/index.php?rest_route=\/wp\/v2\/pages\/932\/revisions"}],"predecessor-version":[{"id":942,"href":"https:\/\/tierarztpraxis-miltenberg.de\/index.php?rest_route=\/wp\/v2\/pages\/932\/revisions\/942"}],"wp:attachment":[{"href":"https:\/\/tierarztpraxis-miltenberg.de\/index.php?rest_route=%2Fwp%2Fv2%2Fmedia&parent=932"}],"curies":[{"name":"wp","href":"https:\/\/api.w.org\/{rel}","templated":true}]}}