{"id":94,"date":"2017-08-15T17:26:49","date_gmt":"2017-08-15T17:26:49","guid":{"rendered":"http:\/\/tierarztpraxis-miltenberg.de\/?page_id=94"},"modified":"2026-02-16T12:30:37","modified_gmt":"2026-02-16T12:30:37","slug":"leistungsangebot","status":"publish","type":"page","link":"https:\/\/tierarztpraxis-miltenberg.de\/?page_id=94","title":{"rendered":"\u00bb Unser Leistungsangebot"},"content":{"rendered":"<p><span style=\"font-size: 12pt;\"><strong>Durch regelm\u00e4\u00dfige Teilnahme an Fortbildungsveranstaltungen sind die Tier\u00e4rztinnen auf dem neuesten wissenschaftlichen Wissenstand<\/strong>.<\/span><\/p>\n<p><span style=\"font-size: 12pt;\">Wir behandeln Kleintiere wie Hund, Katze, Kaninchen, Meerschwein, Degu, Maus, Ratte, Chinchilla, alle V\u00f6gel, auch H\u00fchner sowie Reptilien und Echsen.<\/span><\/p>\n<div class=\"bilder-wrapper\">\n  <img loading=\"lazy\" decoding=\"async\" width=\"300\" height=\"200\" class=\"size-medium wp-image-885\" src=\"http:\/\/tierarztpraxis-miltenberg.de\/wp-content\/uploads\/2022\/01\/13-_N0A6835-Bearbeitet-WEB-300x200.jpg\" alt=\"\" srcset=\"https:\/\/tierarztpraxis-miltenberg.de\/wp-content\/uploads\/2022\/01\/13-_N0A6835-Bearbeitet-WEB-300x200.jpg 300w, https:\/\/tierarztpraxis-miltenberg.de\/wp-content\/uploads\/2022\/01\/13-_N0A6835-Bearbeitet-WEB-768x512.jpg 768w, https:\/\/tierarztpraxis-miltenberg.de\/wp-content\/uploads\/2022\/01\/13-_N0A6835-Bearbeitet-WEB-1024x682.jpg 1024w, https:\/\/tierarztpraxis-miltenberg.de\/wp-content\/uploads\/2022\/01\/13-_N0A6835-Bearbeitet-WEB.jpg 1600w\" sizes=\"auto, (max-width: 300px) 100vw, 300px\" \/><br \/>\n  <img loading=\"lazy\" decoding=\"async\" width=\"300\" height=\"200\" class=\"size-medium wp-image-884\" src=\"http:\/\/tierarztpraxis-miltenberg.de\/wp-content\/uploads\/2022\/01\/1-_N0A2673-Bearbeitet-WEB-300x200.jpg\" alt=\"\" srcset=\"https:\/\/tierarztpraxis-miltenberg.de\/wp-content\/uploads\/2022\/01\/1-_N0A2673-Bearbeitet-WEB-300x200.jpg 300w, https:\/\/tierarztpraxis-miltenberg.de\/wp-content\/uploads\/2022\/01\/1-_N0A2673-Bearbeitet-WEB-768x512.jpg 768w, https:\/\/tierarztpraxis-miltenberg.de\/wp-content\/uploads\/2022\/01\/1-_N0A2673-Bearbeitet-WEB-1024x683.jpg 1024w, https:\/\/tierarztpraxis-miltenberg.de\/wp-content\/uploads\/2022\/01\/1-_N0A2673-Bearbeitet-WEB.jpg 1600w\" sizes=\"auto, (max-width: 300px) 100vw, 300px\" \/><\/div>\n<style>\n  .bilder-wrapper {\n    display: flex;\n    flex-wrap: wrap;\n    gap: 10px;\n  }\n  .bilder-wrapper img {\n    width: 300px;\n    height: auto;\n  }\n  .leistungen-wrapper {\n    display: flex;\n    flex-wrap: wrap;\n    gap: 20px;\n    width: 100%;\n  }\n  .leistungen-spalte {\n    flex: 1 1 300px;\n    min-width: 0;\n  }\n  @media (max-width: 680px) {\n    .leistungen-spalte {\n      flex: 1 1 100%;\n    }\n    .bilder-wrapper img {\n      width: 100%;\n    }\n  }\n<\/style>\n<div class=\"leistungen-wrapper\">\n<div class=\"leistungen-spalte\">\n<p><span style=\"color: #993300; font-size: 12pt;\"><strong>Prophylaxe:<\/strong><\/span><\/p>\n<ul>\n<li><span style=\"font-size: 12pt;\">Impfungen<\/span><\/li>\n<li><span style=\"font-size: 12pt;\">Entwurmungen<\/span><\/li>\n<li><span style=\"font-size: 12pt;\">Vorsorgeuntersuchungen\/ Check up<\/span><\/li>\n<li><span style=\"font-size: 12pt;\">Zeckenprophylaxe<\/span><\/li>\n<li><span style=\"font-size: 12pt;\">Beratung bei Auslandsreisen\/ Reisekrankheiten<\/span><\/li>\n<\/ul>\n<p><span style=\"color: #993300; font-size: 12pt;\"><strong>Operationen:<\/strong><\/span><\/p>\n<ul>\n<li><span style=\"font-size: 12pt;\">Injektions- und Inhalationsnarkose<\/span><\/li>\n<li><span style=\"font-size: 12pt;\">Intensiv\u00fcberwachung mit Pulsoxymeter<\/span><\/li>\n<li><span style=\"font-size: 12pt;\">Chirurgische Versorgung von Wunden<\/span><\/li>\n<li><span style=\"font-size: 12pt;\">Kastrationen<\/span><\/li>\n<li><span style=\"font-size: 12pt;\">Weichteilchirurgie<\/span><\/li>\n<li><span style=\"font-size: 12pt;\">Elektrochirurgische Entfernung von Warzen oder Tumoren<\/span><\/li>\n<li><span style=\"font-size: 12pt;\">Biopsien zur pathologischen Untersuchung<\/span><\/li>\n<li><span style=\"font-size: 12pt;\">Zahnextraktionen<\/span><\/li>\n<\/ul>\n<p><span style=\"font-size: 12pt; color: #993300;\"><strong>Diagnose und Therapie:<\/strong><\/span><\/p>\n<p><span style=\"font-size: 12pt;\">Nach gr\u00fcndlicher Allgemeiner Untersuchung stehen bei Bedarf in unserer Praxis zur Verf\u00fcgung:<\/span><\/p>\n<ul>\n<li><span style=\"font-size: 12pt;\">Digitales R\u00f6ntgenger\u00e4t<\/span><\/li>\n<li><span style=\"font-size: 12pt;\">Dentalr\u00f6ntgen<\/span><\/li>\n<li><span style=\"font-size: 12pt;\">Ultraschall<\/span><\/li>\n<li><span style=\"font-size: 12pt;\">Blutanalyseger\u00e4te zur Sofortdiagnose von Blutbild, Organwerten und Infektionskrankheiten<\/span><\/li>\n<\/ul>\n<p><span style=\"font-size: 12pt;\">(BARF-Profile, Untersuchungen auf Erbkrankheiten und Allergietests werden in ein Labor eingeschickt)<\/span><\/p>\n<\/div>\n<div class=\"leistungen-spalte\">\n<p><span style=\"color: #993300; font-size: 12pt;\"><strong>Weitere Leistungen:<\/strong><\/span><\/p>\n<ul>\n<li><span style=\"font-size: 12pt;\">HD\/ ED\/ OCD- R\u00f6ntgenuntersuchung (Zulassung)<\/span><\/li>\n<li><span style=\"font-size: 12pt;\">Vorsorgeuntersuchung auf Patellaluxation (Zulassung)<\/span><\/li>\n<li><span style=\"font-size: 12pt;\">Hom\u00f6opathie und Naturheilkunde<\/span><\/li>\n<li><span style=\"font-size: 12pt;\">Tierkennzeichnung mit Chip oder T\u00e4towierung<\/span><\/li>\n<li><span style=\"font-size: 12pt;\">Zahnreinigung mittels Dentalstation (manuell oder Ultraschall)<\/span><\/li>\n<li><span style=\"font-size: 12pt;\">Dentalr\u00f6ntgen<\/span><\/li>\n<li><span style=\"font-size: 12pt;\">Zahnextraktion mit Dentalstation und Inhalationsnarkose<\/span><\/li>\n<li><span style=\"font-size: 12pt;\">Blutdruckmessung<\/span><\/li>\n<li><span style=\"font-size: 12pt;\">Untersuchung von Kot- und Urinproben<\/span><\/li>\n<li><span style=\"font-size: 12pt;\">Hautdiagnostik<\/span><\/li>\n<li><span style=\"font-size: 12pt;\">Hausbesuche zur Euthanasie nach Absprache<\/span><\/li>\n<\/ul>\n<p style=\"text-align: center;\">\n      <img loading=\"lazy\" decoding=\"async\" class=\"size-medium wp-image-886\" src=\"http:\/\/tierarztpraxis-miltenberg.de\/wp-content\/uploads\/2022\/01\/10-_N0A6761-Bearbeitet-WEB-300x200.jpg\" alt=\"\" width=\"300\" height=\"200\" srcset=\"https:\/\/tierarztpraxis-miltenberg.de\/wp-content\/uploads\/2022\/01\/10-_N0A6761-Bearbeitet-WEB-300x200.jpg 300w, https:\/\/tierarztpraxis-miltenberg.de\/wp-content\/uploads\/2022\/01\/10-_N0A6761-Bearbeitet-WEB-768x512.jpg 768w, https:\/\/tierarztpraxis-miltenberg.de\/wp-content\/uploads\/2022\/01\/10-_N0A6761-Bearbeitet-WEB-1024x683.jpg 1024w, https:\/\/tierarztpraxis-miltenberg.de\/wp-content\/uploads\/2022\/01\/10-_N0A6761-Bearbeitet-WEB.jpg 1600w\" sizes=\"auto, (max-width: 300px) 100vw, 300px\" \/><\/p>\n<\/div>\n<\/div>\n","protected":false},"excerpt":{"rendered":"<p>Durch regelm\u00e4\u00dfige Teilnahme an Fortbildungsveranstaltungen sind die Tier\u00e4rztinnen auf dem neuesten wissenschaftlichen Wissenstand. Wir behandeln Kleintiere wie Hund, Katze, Kaninchen, Meerschwein, Degu, Maus, Ratte, Chinchilla, alle V\u00f6gel, auch H\u00fchner sowie Reptilien und Echsen. Prophylaxe: Impfungen Entwurmungen Vorsorgeuntersuchungen\/ Check up Zeckenprophylaxe&hellip; <\/p>\n","protected":false},"author":1,"featured_media":0,"parent":0,"menu_order":0,"comment_status":"closed","ping_status":"closed","template":"","meta":{"footnotes":""},"class_list":["post-94","page","type-page","status-publish","hentry"],"_links":{"self":[{"href":"https:\/\/tierarztpraxis-miltenberg.de\/index.php?rest_route=\/wp\/v2\/pages\/94","targetHints":{"allow":["GET"]}}],"collection":[{"href":"https:\/\/tierarztpraxis-miltenberg.de\/index.php?rest_route=\/wp\/v2\/pages"}],"about":[{"href":"https:\/\/tierarztpraxis-miltenberg.de\/index.php?rest_route=\/wp\/v2\/types\/page"}],"author":[{"embeddable":true,"href":"https:\/\/tierarztpraxis-miltenberg.de\/index.php?rest_route=\/wp\/v2\/users\/1"}],"replies":[{"embeddable":true,"href":"https:\/\/tierarztpraxis-miltenberg.de\/index.php?rest_route=%2Fwp%2Fv2%2Fcomments&post=94"}],"version-history":[{"count":57,"href":"https:\/\/tierarztpraxis-miltenberg.de\/index.php?rest_route=\/wp\/v2\/pages\/94\/revisions"}],"predecessor-version":[{"id":991,"href":"https:\/\/tierarztpraxis-miltenberg.de\/index.php?rest_route=\/wp\/v2\/pages\/94\/revisions\/991"}],"wp:attachment":[{"href":"https:\/\/tierarztpraxis-miltenberg.de\/index.php?rest_route=%2Fwp%2Fv2%2Fmedia&parent=94"}],"curies":[{"name":"wp","href":"https:\/\/api.w.org\/{rel}","templated":true}]}}